{"id":7,"date":"2020-09-21T19:00:43","date_gmt":"2020-09-21T19:00:43","guid":{"rendered":"http:\/\/breakfastorpoints.eu\/?page_id=7"},"modified":"2023-05-14T10:03:13","modified_gmt":"2023-05-14T10:03:13","slug":"ueber-uns","status":"publish","type":"page","link":"https:\/\/breakfastorpoints.eu\/en\/ueber-uns\/","title":{"rendered":"About me"},"content":{"rendered":"<p class=\"has-subtle-background-color has-text-color has-background\" style=\"background-color:#ffffff\">Long-time management consultant and ultra-frequent traveller with 200+ nights in hotels per year. My home destination is Barcelona.<\/p>","protected":false},"excerpt":{"rendered":"<p>Long-time management consultant and ultra-frequent traveller with 200+ nights in hotels per year. My home destination is Barcelona.<\/p>","protected":false},"author":2,"featured_media":0,"parent":0,"menu_order":0,"comment_status":"closed","ping_status":"closed","template":"","meta":{"ngg_post_thumbnail":0,"footnotes":""},"yoast_head":"<!-- This site is optimized with the Yoast SEO plugin v21.8 - https:\/\/yoast.com\/wordpress\/plugins\/seo\/ -->\n<title>\u00dcber mich - Breakfast or Points?<\/title>\n<meta name=\"robots\" content=\"index, follow, max-snippet:-1, max-image-preview:large, max-video-preview:-1\" \/>\n<link rel=\"canonical\" href=\"https:\/\/breakfastorpoints.eu\/en\/ueber-uns\/\" \/>\n<meta property=\"og:locale\" content=\"en_US\" \/>\n<meta property=\"og:type\" content=\"article\" \/>\n<meta property=\"og:title\" content=\"\u00dcber mich - Breakfast or Points?\" \/>\n<meta property=\"og:description\" content=\"Langj\u00e4hriger Unternehmensberater und ultra-frequent Traveller mit 200+ N\u00e4chte im Hotel pro Jahr. Meine Heimatdestination ist Barcelona.\" \/>\n<meta property=\"og:url\" content=\"https:\/\/breakfastorpoints.eu\/en\/ueber-uns\/\" \/>\n<meta property=\"og:site_name\" content=\"Breakfast or Points?\" \/>\n<meta property=\"article:modified_time\" content=\"2023-05-14T10:03:13+00:00\" \/>\n<meta name=\"twitter:card\" content=\"summary_large_image\" \/>\n<meta name=\"twitter:label1\" content=\"Est. reading time\" \/>\n\t<meta name=\"twitter:data1\" content=\"1 minute\" \/>\n<script type=\"application\/ld+json\" class=\"yoast-schema-graph\">{\"@context\":\"https:\/\/schema.org\",\"@graph\":[{\"@type\":\"WebPage\",\"@id\":\"https:\/\/breakfastorpoints.eu\/ueber-uns\/\",\"url\":\"https:\/\/breakfastorpoints.eu\/ueber-uns\/\",\"name\":\"\u00dcber mich - Breakfast or Points?\",\"isPartOf\":{\"@id\":\"https:\/\/breakfastorpoints.eu\/#website\"},\"datePublished\":\"2020-09-21T19:00:43+00:00\",\"dateModified\":\"2023-05-14T10:03:13+00:00\",\"breadcrumb\":{\"@id\":\"https:\/\/breakfastorpoints.eu\/ueber-uns\/#breadcrumb\"},\"inLanguage\":\"en-US\",\"potentialAction\":[{\"@type\":\"ReadAction\",\"target\":[\"https:\/\/breakfastorpoints.eu\/ueber-uns\/\"]}]},{\"@type\":\"BreadcrumbList\",\"@id\":\"https:\/\/breakfastorpoints.eu\/ueber-uns\/#breadcrumb\",\"itemListElement\":[{\"@type\":\"ListItem\",\"position\":1,\"name\":\"Startseite\",\"item\":\"https:\/\/breakfastorpoints.eu\/\"},{\"@type\":\"ListItem\",\"position\":2,\"name\":\"\u00dcber mich\"}]},{\"@type\":\"WebSite\",\"@id\":\"https:\/\/breakfastorpoints.eu\/#website\",\"url\":\"https:\/\/breakfastorpoints.eu\/\",\"name\":\"Breakfast or Points?\",\"description\":\"Meilenoptimierung f\u00fcr Frequent Business Traveller\",\"publisher\":{\"@id\":\"https:\/\/breakfastorpoints.eu\/#organization\"},\"potentialAction\":[{\"@type\":\"SearchAction\",\"target\":{\"@type\":\"EntryPoint\",\"urlTemplate\":\"https:\/\/breakfastorpoints.eu\/?s={search_term_string}\"},\"query-input\":\"required name=search_term_string\"}],\"inLanguage\":\"en-US\"},{\"@type\":\"Organization\",\"@id\":\"https:\/\/breakfastorpoints.eu\/#organization\",\"name\":\"Breakfast or Points?\",\"url\":\"https:\/\/breakfastorpoints.eu\/\",\"logo\":{\"@type\":\"ImageObject\",\"inLanguage\":\"en-US\",\"@id\":\"https:\/\/breakfastorpoints.eu\/#\/schema\/logo\/image\/\",\"url\":\"https:\/\/breakfastorpoints.eu\/wp-content\/uploads\/2023\/01\/cropped-183c668ab27f454e82677885567ecebe-3.png\",\"contentUrl\":\"https:\/\/breakfastorpoints.eu\/wp-content\/uploads\/2023\/01\/cropped-183c668ab27f454e82677885567ecebe-3.png\",\"width\":200,\"height\":56,\"caption\":\"Breakfast or Points?\"},\"image\":{\"@id\":\"https:\/\/breakfastorpoints.eu\/#\/schema\/logo\/image\/\"}}]}<\/script>\n<!-- \/ Yoast SEO plugin. -->","yoast_head_json":{"title":"\u00dcber mich - Breakfast or Points?","robots":{"index":"index","follow":"follow","max-snippet":"max-snippet:-1","max-image-preview":"max-image-preview:large","max-video-preview":"max-video-preview:-1"},"canonical":"https:\/\/breakfastorpoints.eu\/en\/ueber-uns\/","og_locale":"en_US","og_type":"article","og_title":"\u00dcber mich - Breakfast or Points?","og_description":"Langj\u00e4hriger Unternehmensberater und ultra-frequent Traveller mit 200+ N\u00e4chte im Hotel pro Jahr. Meine Heimatdestination ist Barcelona.","og_url":"https:\/\/breakfastorpoints.eu\/en\/ueber-uns\/","og_site_name":"Breakfast or Points?","article_modified_time":"2023-05-14T10:03:13+00:00","twitter_card":"summary_large_image","twitter_misc":{"Est. reading time":"1 minute"},"schema":{"@context":"https:\/\/schema.org","@graph":[{"@type":"WebPage","@id":"https:\/\/breakfastorpoints.eu\/ueber-uns\/","url":"https:\/\/breakfastorpoints.eu\/ueber-uns\/","name":"\u00dcber mich - Breakfast or Points?","isPartOf":{"@id":"https:\/\/breakfastorpoints.eu\/#website"},"datePublished":"2020-09-21T19:00:43+00:00","dateModified":"2023-05-14T10:03:13+00:00","breadcrumb":{"@id":"https:\/\/breakfastorpoints.eu\/ueber-uns\/#breadcrumb"},"inLanguage":"en-US","potentialAction":[{"@type":"ReadAction","target":["https:\/\/breakfastorpoints.eu\/ueber-uns\/"]}]},{"@type":"BreadcrumbList","@id":"https:\/\/breakfastorpoints.eu\/ueber-uns\/#breadcrumb","itemListElement":[{"@type":"ListItem","position":1,"name":"Startseite","item":"https:\/\/breakfastorpoints.eu\/"},{"@type":"ListItem","position":2,"name":"\u00dcber mich"}]},{"@type":"WebSite","@id":"https:\/\/breakfastorpoints.eu\/#website","url":"https:\/\/breakfastorpoints.eu\/","name":"Breakfast or Points?","description":"Meilenoptimierung f\u00fcr Frequent Business Traveller","publisher":{"@id":"https:\/\/breakfastorpoints.eu\/#organization"},"potentialAction":[{"@type":"SearchAction","target":{"@type":"EntryPoint","urlTemplate":"https:\/\/breakfastorpoints.eu\/?s={search_term_string}"},"query-input":"required name=search_term_string"}],"inLanguage":"en-US"},{"@type":"Organization","@id":"https:\/\/breakfastorpoints.eu\/#organization","name":"Breakfast or Points?","url":"https:\/\/breakfastorpoints.eu\/","logo":{"@type":"ImageObject","inLanguage":"en-US","@id":"https:\/\/breakfastorpoints.eu\/#\/schema\/logo\/image\/","url":"https:\/\/breakfastorpoints.eu\/wp-content\/uploads\/2023\/01\/cropped-183c668ab27f454e82677885567ecebe-3.png","contentUrl":"https:\/\/breakfastorpoints.eu\/wp-content\/uploads\/2023\/01\/cropped-183c668ab27f454e82677885567ecebe-3.png","width":200,"height":56,"caption":"Breakfast or Points?"},"image":{"@id":"https:\/\/breakfastorpoints.eu\/#\/schema\/logo\/image\/"}}]}},"_links":{"self":[{"href":"https:\/\/breakfastorpoints.eu\/en\/wp-json\/wp\/v2\/pages\/7"}],"collection":[{"href":"https:\/\/breakfastorpoints.eu\/en\/wp-json\/wp\/v2\/pages"}],"about":[{"href":"https:\/\/breakfastorpoints.eu\/en\/wp-json\/wp\/v2\/types\/page"}],"author":[{"embeddable":true,"href":"https:\/\/breakfastorpoints.eu\/en\/wp-json\/wp\/v2\/users\/2"}],"replies":[{"embeddable":true,"href":"https:\/\/breakfastorpoints.eu\/en\/wp-json\/wp\/v2\/comments?post=7"}],"version-history":[{"count":6,"href":"https:\/\/breakfastorpoints.eu\/en\/wp-json\/wp\/v2\/pages\/7\/revisions"}],"predecessor-version":[{"id":504,"href":"https:\/\/breakfastorpoints.eu\/en\/wp-json\/wp\/v2\/pages\/7\/revisions\/504"}],"wp:attachment":[{"href":"https:\/\/breakfastorpoints.eu\/en\/wp-json\/wp\/v2\/media?parent=7"}],"curies":[{"name":"wp","href":"https:\/\/api.w.org\/{rel}","templated":true}]}}